{"id":47,"date":"2016-08-16T08:10:06","date_gmt":"2016-08-16T06:10:06","guid":{"rendered":"http:\/\/szs.sgs-sss.ch\/fr-sociojournal-numeros_speciaux\/"},"modified":"2022-09-23T12:41:45","modified_gmt":"2022-09-23T10:41:45","slug":"numeros-speciaux","status":"publish","type":"page","link":"https:\/\/szs.sgs-sss.ch\/fr\/numeros-speciaux\/","title":{"rendered":"Num\u00e9ros sp\u00e9ciaux"},"content":{"rendered":"<h3>Vous souhaitez organiser un num\u00e9ro sp\u00e9cial en 2025?<\/h3>\n<p>Vous trouverez toutes les instructions <a href=\"http:\/\/szs.sgs-sss.ch\/wp-content\/uploads\/2022\/09\/Call_for_Proposals.pdf\">ICI<\/a>.<\/p>\n<h3><strong>Consignes pour organiser un num\u00e9ro sp\u00e9cial<\/strong><\/h3>\n<p>&gt; <a href=\"http:\/\/szs.sgs-sss.ch\/wp-content\/uploads\/2022\/09\/Call_for_Proposals.pdf\">T\u00e9l\u00e9charger les consignes<\/a><\/p>\n<h4>\u00a0Num\u00e9ros sp\u00e9ciaux d\u00e9j\u00e0 parus<\/h4>\n<p aria-describedby=\"popup-114\">&gt; <a href=\"https:\/\/sciendo.com\/issue\/SJS\/48\/1\">Exp\u00e9riences en sociologie de l\u2019\u00e9ducation \u2013 promesses et exp\u00e9riences<\/a> (Vol. 48 num\u00e9ro 1, 2022). Editeurs invit\u00e9s: Rolf Becker, Jo\u00ebl Berger, David Glauser and Ben Jann<\/p>\n<p aria-describedby=\"popup-114\">&gt; <a href=\"https:\/\/sciendo.com\/issue\/SJS\/47\/3\">Pour une sociologie ethnographique des associations<\/a> (Vol. 47 num\u00e9ro 3, 2021). Editeurs invit\u00e9s: Ma\u00eblle Meigniez and Lionel Francou<\/p>\n<p aria-describedby=\"popup-114\">&gt; <a href=\"https:\/\/sciendo.com\/issue\/SJS\/47\/2\">Le non-recours aux prestations sociales et sanitaires : quelles implications pour la citoyennet\u00e9 sociale ?<\/a> (Vol. 47 num\u00e9ro 2, 2021). Editeurs invit\u00e9s: Barbara Lucas, Jean-Michel Bonvin and Oliver H\u00fcmbelin<\/p>\n<p aria-describedby=\"popup-114\">&gt; <a href=\"https:\/\/sciendo.com\/issue\/SJS\/47\/1\">La sociologie des migrations en Suisse : pass\u00e9, pr\u00e9sent, futur<\/a> (Vol. 47 num\u00e9ro 1, 2021). Editeurs invit\u00e9s: Milena Chimienti, Claudio Bolzman and Didier Ruedin<\/p>\n<p class=\"d-none d-md-block\" aria-describedby=\"popup-114\">&gt; <a href=\"https:\/\/sciendo.com\/issue\/SJS\/46\/3\">Comprendre les dynamiques sociales : 20 ans du Panel suisse de m\u00e9nages<\/a> (Vol. 46 num\u00e9ro 3, 2020). Editeurs invit\u00e9s: Robin Tillmann, Monica Budowski, Dean R. Lillard and Annette Scherpenzeel<\/p>\n<p>&gt; <a href=\"https:\/\/content.sciendo.com\/view\/journals\/sjs\/46\/2\/sjs.46.issue-2.xml\">Intersections entre vieillissement et migration<\/a> : tendances et de\u0301fis actuels (Vol. 46 num\u00e9ro 2, 2019). Editeurs invit\u00e9s: Ruxandra Oana Ciobanu, Mihaela Nedelcu, Eva Soom Ammann et Karin van Holten.<\/p>\n<p>&gt; <a href=\"https:\/\/content.sciendo.com\/view\/journals\/sjs\/45\/3\/sjs.45.issue-3.xml\">Comment le monde du travail transforme les institutions e\u0301ducatives<\/a> (Vol. 45 num\u00e9ro 3, 2019). Editeurs invit\u00e9s: Barbara Duc, Kerstin Duemmler, He\u0301loi\u0308se Durler et Philippe Losego.<\/p>\n<p>&gt; <a href=\"https:\/\/content.sciendo.com\/view\/journals\/sjs\/44\/2\/sjs.44.issue-2.xml\">Vulnerability in Health Trajectories: Life Course Perspectives<\/a> (Vol. 44 num\u00e9ro 2, 2018). Editeurs invit\u00e9s: St\u00e9phane Cullati, Claudine Burton-Jeangros et Thomas Abel.<\/p>\n<p>&gt; <a href=\"https:\/\/www.degruyter.com\/view\/j\/sjs.2017.43.issue-2\/issue-files\/sjs.2017.43.issue-2.xml\">Art, travail et (d\u00e9-)r\u00e9gulation<\/a> (Vol. 43 num\u00e9ro 2, 2017). Editeurs invit\u00e9s: Andr\u00e9 Ducret, Andrea Glauser, Olivier Moeschler et Val\u00e9rie Rolle.<\/p>\n<p>&gt; <a href=\"https:\/\/www.degruyter.com\/view\/j\/sjs.2017.43.issue-3\/issue-files\/sjs.2017.43.issue-3.xml\">Expansion du syst\u00e8me de formation, partenariat et famille<\/a> (Vol. 43 num\u00e9ro 3, 2017). Editeurs invit\u00e9s: Rolf Becker, Ben Jann et Eric Widmer.<\/p>\n<p>&gt; <a href=\"http:\/\/szs.sgs-sss.ch\/fr-sociojournal-recherche_archives-numero-124\">Transformations of Retirement Policies<\/a><br \/>\n<small>(Vol. 41 Issue 3, 2015)<\/small><\/p>\n<p>&gt; <a href=\"http:\/\/szs.sgs-sss.ch\/fr-sociojournal-recherche_archives-numero-123\">Economic Socialization and Financial Practices of Young People<\/a><br \/>\n<small>(Vol. 41 Issue 2, 2015)<\/small><\/p>\n<p>&gt; <a href=\"http:\/\/szs.sgs-sss.ch\/fr-sociojournal-recherche_archives-numero-120\">Gender Equality Policies in Switzerland: Institutional Factors of Success and Failure<\/a><br \/>\n<small>(Vol. 40 Issue 2, 2014)<\/small><\/p>\n<p>&gt; <a href=\"http:\/\/szs.sgs-sss.ch\/fr-sociojournal-recherche_archives-numero-114\">Change and Reforms in Educational Systems and Organizations<\/a><br \/>\n<small>(Vol. 39 Issue 2, 2013)<\/small><\/p>\n<p>&gt; <a href=\"http:\/\/szs.sgs-sss.ch\/fr-sociojournal-recherche_archives-numero-117\">Persistent Social Inequalities<\/a><br \/>\n<small>(Vol. 38 Issue 2, 2012)<\/small><\/p>\n<p>&gt; <a href=\"http:\/\/szs.sgs-sss.ch\/fr-sociojournal-recherche_archives-numero-110\">The Global Economic Crisis: Perceptions and Impacts<\/a><br \/>\n<small>(Vol. 37 Issue 2, 2011)<\/small><\/p>\n<p>&gt; <a href=\"http:\/\/szs.sgs-sss.ch\/fr-sociojournal-recherche_archives-numero-107\">Social Science Research with Panel Data in Switzerland<\/a><br \/>\n<small>(Vol. 36 Issue 2, 2010)<\/small><\/p>\n<p>&gt; <a href=\"http:\/\/szs.sgs-sss.ch\/fr-sociojournal-recherche_archives-numero-106\">Sociology of Vocational Education and Training in Switzerland, France and Germany<\/a><br \/>\n<small>(Vol. 36 Issue 1, 2010)<\/small><\/p>\n<p>&gt; <a href=\"http:\/\/szs.sgs-sss.ch\/fr-sociojournal-recherche_archives-numero-104\">Cumulative and Compensatory Effects over the Life Course<\/a><br \/>\n<small>(Vol. 35 Issue 2, 2009)<\/small><\/p>\n<p>&gt; <a href=\"http:\/\/szs.sgs-sss.ch\/fr-sociojournal-recherche_archives-numero-103\">War, a Challenge to Sociology<\/a><br \/>\n<small>(Vol. 35 Issue 1, 2009)<\/small><\/p>\n<p>&gt; <a href=\"http:\/\/szs.sgs-sss.ch\/fr-sociojournal-recherche_archives-numero-101\">Urban Riots and Youth Violence: German and French Perspectives<\/a><br \/>\n<small>(Vol. 34 Issue 2, 2008)<\/small><\/p>\n<p>&gt; <a href=\"http:\/\/szs.sgs-sss.ch\/fr-sociojournal-recherche_archives-numero-97\">Mobility, Space and Social Inequality<\/a><br \/>\n<small>(Vol. 33 Issue 1, 2007)<\/small><\/p>\n<p>&gt; <a href=\"http:\/\/szs.sgs-sss.ch\/fr-sociojournal-recherche_archives-numero-96\">Health and Age<\/a><br \/>\n<small>(Vol. 32 Issue 3, 2006)<\/small><\/p>\n<p>&gt; <a href=\"http:\/\/szs.sgs-sss.ch\/fr-sociojournal-recherche_archives-numero-94\">Community and Society in the Discourse of Modern Sociology: Essays in Honour of Ferdinand T\u00f6nnies on the Occasion of his 150th Birthday<\/a><br \/>\n<small>(Vol. 32 Issue 1, 2006)<\/small><\/p>\n<p>&gt; <a href=\"http:\/\/szs.sgs-sss.ch\/fr-sociojournal-recherche_archives-numero-92\">Families and Living Arrangements<\/a><br \/>\n<small>(Vol. 31 Issue 2, 2005)<\/small><\/p>\n<p>&gt; <a href=\"http:\/\/szs.sgs-sss.ch\/fr-sociojournal-recherche_archives-numero-90\">Unemployment and Active Labour Market Policies: Towards an Evaluation<\/a><br \/>\n<small>(Vol. 30 Issue 3, 2004)<\/small><\/p>\n<p>&gt; <a href=\"http:\/\/szs.sgs-sss.ch\/fr-sociojournal-recherche_archives-numero-85\">Social Closure<\/a><br \/>\n<small>(Vol. 29 Issue 1, 2003)<\/small><\/p>\n<p>&gt; <a href=\"http:\/\/szs.sgs-sss.ch\/fr-sociojournal-recherche_archives-numero-83\">Inequality in Switzerland<\/a><br \/>\n<small>(Vol. 28 Issue 2, 2002)<\/small><\/p>\n<p>&gt; <a href=\"http:\/\/szs.sgs-sss.ch\/fr-sociojournal-recherche_archives-numero-78\">Interpretive Sociologies<\/a><br \/>\n<small>(Vol. 26 Issue 3, 2000)<\/small><\/p>\n<p>&gt; <a href=\"http:\/\/szs.sgs-sss.ch\/fr-sociojournal-recherche_archives-numero-52\">Sciology of Switzerland \/ Sociology in Switzerland<\/a><br \/>\n<small>(Vol. 18 Issue 1, 1992)<\/small><\/p>\n<p>&gt; <a href=\"http:\/\/szs.sgs-sss.ch\/fr-sociojournal-recherche_archives-numero-51\">Religion und Kultur<\/a><br \/>\n<small>(Vol. 17 Issue 3, 1991)<\/small><\/p>\n<p>&gt; <a href=\"http:\/\/szs.sgs-sss.ch\/fr-sociojournal-recherche_archives-numero-48\">Risiko und Sicherheit<\/a><br \/>\n<small>(Vol. 16 Issue 3, 1990)<\/small><\/p>\n<p>&gt; <a href=\"http:\/\/szs.sgs-sss.ch\/fr-sociojournal-recherche_archives-numero-44\">Les temps sociaux<\/a><br \/>\n<small>(Vol. 15 Issue 2, 1989)<\/small><\/p>\n<p>&gt; <a href=\"http:\/\/szs.sgs-sss.ch\/fr-sociojournal-recherche_archives-numero-42\">Formen soziologischer Berufspraxis<\/a><br \/>\n<small>(Vol. 14 Issue 3, 1988)<\/small><\/p>\n<p>&gt; <a href=\"http:\/\/szs.sgs-sss.ch\/fr-sociojournal-recherche_archives-numero-40\">Symbolgestaltung und soziale Bilder. Bilder, Symbole und Ideologien (2)<\/a><br \/>\n<small>(Vol. 14 Issue 1, 1988)<\/small><\/p>\n<p>&gt; <a href=\"http:\/\/szs.sgs-sss.ch\/fr-sociojournal-recherche_archives-numero-39\">Zeigen, Darstellen, Wahrnehmen. Bilder, Symbole, Ideologien<\/a><br \/>\n<small>(Vol. 13 Issue 3, 1987)<\/small><\/p>\n<p>&gt; <a href=\"http:\/\/szs.sgs-sss.ch\/fr-sociojournal-recherche_archives-numero-34\">Industriegesellschaft \u2013 Ende einer Epoche? Fakten, Analysen, Perspektiven<\/a><br \/>\n<small>(Vol. 12 Issue 1, 1986)<\/small><\/p>\n<p>&gt; <a href=\"http:\/\/szs.sgs-sss.ch\/fr-sociojournal-recherche_archives-numero-32\">Jugend und Wandel komplexer Gesellschaften<\/a><br \/>\n<small>(Vol. 11 Issue 2, 1985)<\/small><\/p>\n<p>&gt; <a href=\"http:\/\/szs.sgs-sss.ch\/fr-sociojournal-recherche_archives-numero-30\">Bilder von Mann und Frau. Zur Analyse kollektiver Vorstellungen \u00fcber die Geschlechter in nationalen Kulturen<\/a><br \/>\n<small>(Vol. 10 Issue 3, 1984)<\/small><\/p>\n<p>&gt; <a href=\"http:\/\/szs.sgs-sss.ch\/fr-sociojournal-recherche_archives-numero-29\">Zwischenwelten der Gastarbeiter<\/a><br \/>\n<small>(Vol. 10 Issue 2, 1984)<\/small><\/p>\n<p>&gt; <a href=\"http:\/\/szs.sgs-sss.ch\/fr-sociojournal-recherche_archives-numero-28\">Jugendbewegungen in der Schweiz: Thesen und Antithesen<\/a><br \/>\n<small>(Vol. 10 Issue 1, 1984)<\/small><\/p>\n<p>&gt; <a href=\"http:\/\/szs.sgs-sss.ch\/fr-sociojournal-recherche_archives-numero-27\">Religi\u00f6ser Integrismus<\/a><br \/>\n<small>(Vol. 9 Issue 3, 1983)<\/small><\/p>\n<p>&gt; <a href=\"http:\/\/szs.sgs-sss.ch\/fr-sociojournal-recherche_archives-numero-25\">Soziologie des Alltagslebens und der Lebensbeschreibungen<\/a><br \/>\n<small>(Vol. 9 Issue 1, 1983)<\/small><\/p>\n<p>&gt; <a href=\"http:\/\/szs.sgs-sss.ch\/fr-sociojournal-recherche_archives-numero-22\">Die post-traditionale Welt der Bauern<\/a><br \/>\n<small>(Vol. 8 Issue 1, 1982)<\/small><\/p>\n<p>&gt; <a href=\"http:\/\/szs.sgs-sss.ch\/fr-sociojournal-recherche_archives-numero-20\">Ethnizit\u00e4t und Integration<\/a><br \/>\n<small>(Vol. 7 Issue 2, 1981)<\/small><\/p>\n<p>&gt; <a href=\"http:\/\/szs.sgs-sss.ch\/fr-sociojournal-recherche_archives-numero-18\">Soziologie in der Praxis<\/a><br \/>\n<small>(Vol. 6 Issue 3, 1980)<\/small><\/p>\n","protected":false},"excerpt":{"rendered":"<p>Vous souhaitez organiser un num\u00e9ro sp\u00e9cial en 2025? Vous trouverez toutes les instructions ICI. Consignes pour organiser un num\u00e9ro sp\u00e9cial &gt; T\u00e9l\u00e9charger les consignes \u00a0Num\u00e9ros sp\u00e9ciaux d\u00e9j\u00e0 parus &gt; Exp\u00e9riences en sociologie de l\u2019\u00e9ducation \u2013 promesses et exp\u00e9riences (Vol. 48 num\u00e9ro 1, 2022). Editeurs invit\u00e9s: Rolf Becker, Jo\u00ebl Berger, David Glauser and Ben Jann &gt; [&hellip;]<\/p>\n","protected":false},"author":1,"featured_media":0,"parent":0,"menu_order":0,"comment_status":"closed","ping_status":"closed","template":"","meta":{"footnotes":""},"class_list":["post-47","page","type-page","status-publish","hentry"],"_links":{"self":[{"href":"https:\/\/szs.sgs-sss.ch\/fr\/wp-json\/wp\/v2\/pages\/47","targetHints":{"allow":["GET"]}}],"collection":[{"href":"https:\/\/szs.sgs-sss.ch\/fr\/wp-json\/wp\/v2\/pages"}],"about":[{"href":"https:\/\/szs.sgs-sss.ch\/fr\/wp-json\/wp\/v2\/types\/page"}],"author":[{"embeddable":true,"href":"https:\/\/szs.sgs-sss.ch\/fr\/wp-json\/wp\/v2\/users\/1"}],"replies":[{"embeddable":true,"href":"https:\/\/szs.sgs-sss.ch\/fr\/wp-json\/wp\/v2\/comments?post=47"}],"version-history":[{"count":27,"href":"https:\/\/szs.sgs-sss.ch\/fr\/wp-json\/wp\/v2\/pages\/47\/revisions"}],"predecessor-version":[{"id":2584,"href":"https:\/\/szs.sgs-sss.ch\/fr\/wp-json\/wp\/v2\/pages\/47\/revisions\/2584"}],"wp:attachment":[{"href":"https:\/\/szs.sgs-sss.ch\/fr\/wp-json\/wp\/v2\/media?parent=47"}],"curies":[{"name":"wp","href":"https:\/\/api.w.org\/{rel}","templated":true}]}}