{"id":50,"date":"2016-08-16T08:10:06","date_gmt":"2016-08-16T06:10:06","guid":{"rendered":"http:\/\/szs.sgs-sss.ch\/fr-sociojournal-recherche_archives\/"},"modified":"2019-01-18T17:13:42","modified_gmt":"2019-01-18T16:13:42","slug":"recherche-archives","status":"publish","type":"page","link":"https:\/\/szs.sgs-sss.ch\/fr\/recherche-archives\/","title":{"rendered":"Recherche archives"},"content":{"rendered":"<p>Vous trouverez ici tous les num\u00e9ros <strong>de 1975 \u00e0 2015<\/strong>. Les num\u00e9ros plus r\u00e9cents sont disponibles sur <a href=\"https:\/\/content.sciendo.com\/view\/journals\/sjs\/sjs-overview.xml\">Sciendo<\/a>.<\/p>\n<h3>Recherche dans les archives:<\/h3>\n<form action=\"\" method=\"post\"><input name=\"nom_ou_titre\" size=\"31\" type=\"text\" value=\"\" \/> <input name=\"submit\" type=\"submit\" value=\"Chercher\" \/><\/form>\n<div>\n<table>\n<tbody>\n<tr>\n<td>\n<h4>Volume 41 (2015)<\/h4>\n<p><a href=\"http:\/\/szs.sgs-sss.ch\/wp-content\/uploads\/2016\/08\/revue_41_3_2015.pdf\" target=\"_blank\" rel=\"noopener noreferrer\">Issue 41-3 (2015)<\/a><\/p>\n<p><a href=\"http:\/\/szs.sgs-sss.ch\/wp-content\/uploads\/2016\/08\/revue_41_2_2015.pdf\" target=\"_blank\" rel=\"noopener noreferrer\">Issue 41-2 (2015)<\/a><\/p>\n<p><a href=\"http:\/\/szs.sgs-sss.ch\/wp-content\/uploads\/2016\/08\/revue_41_1_2015.pdf\" target=\"_blank\" rel=\"noopener noreferrer\">Issue 41-1 (2015)<\/a><\/td>\n<td>\n<h4>Volume 40 (2014)<\/h4>\n<p><a href=\"http:\/\/szs.sgs-sss.ch\/wp-content\/uploads\/2016\/08\/revue_40_3_2014.pdf\" target=\"_blank\" rel=\"noopener noreferrer\">Issue 40-3 (2014)<\/a><\/p>\n<p><a href=\"http:\/\/szs.sgs-sss.ch\/wp-content\/uploads\/2016\/08\/revue_40_2_2014.pdf\" target=\"_blank\" rel=\"noopener noreferrer\">Issue 40-2 (2014)<\/a><\/p>\n<p><a href=\"http:\/\/szs.sgs-sss.ch\/wp-content\/uploads\/2016\/08\/revue_40_1_2014.pdf\" target=\"_blank\" rel=\"noopener noreferrer\">Issue 40-1 (2014)<\/a><\/td>\n<td>\n<h4>Volume 39 (2013)<\/h4>\n<p><a href=\"http:\/\/szs.sgs-sss.ch\/wp-content\/uploads\/2016\/08\/revue_39_3_2013.pdf\" target=\"_blank\" rel=\"noopener noreferrer\">Issue 39-3 (2013)<\/a><\/p>\n<p><a href=\"http:\/\/szs.sgs-sss.ch\/wp-content\/uploads\/2016\/08\/revue_39_2_2013.pdf\" target=\"_blank\" rel=\"noopener noreferrer\">Issue 39-2 (2013)<\/a><\/p>\n<p><a href=\"http:\/\/szs.sgs-sss.ch\/wp-content\/uploads\/2016\/08\/revue_39_1_2013.pdf\" target=\"_blank\" rel=\"noopener noreferrer\">Issue 39-1 (2013)<\/a><\/td>\n<td>\n<h4>Volume 38 (2012)<\/h4>\n<p><a href=\"http:\/\/szs.sgs-sss.ch\/wp-content\/uploads\/2016\/08\/revue_38_3_2012.pdf\" target=\"_blank\" rel=\"noopener noreferrer\">Issue 38-3 (2012)<\/a><\/p>\n<p><a href=\"http:\/\/szs.sgs-sss.ch\/wp-content\/uploads\/2016\/08\/revue_38_2_2012.pdf\" target=\"_blank\" rel=\"noopener noreferrer\">Issue 38-2 (2012)<\/a><\/p>\n<p><a href=\"http:\/\/szs.sgs-sss.ch\/wp-content\/uploads\/2016\/08\/revue_38_1_2012.pdf\" target=\"_blank\" rel=\"noopener noreferrer\">Issue 38-1 (2012)<\/a><\/td>\n<\/tr>\n<tr>\n<td>\n<h4>Volume 37 (2011)<\/h4>\n<p><a href=\"http:\/\/szs.sgs-sss.ch\/wp-content\/uploads\/2016\/08\/revue_37_3_2011.pdf\" target=\"_blank\" rel=\"noopener noreferrer\">Issue 37-3 (2011)<\/a><\/p>\n<p><a href=\"http:\/\/szs.sgs-sss.ch\/wp-content\/uploads\/2016\/08\/revue_37_2_2011.pdf\" target=\"_blank\" rel=\"noopener noreferrer\">Issue 37-2 (2011)<\/a><\/p>\n<p><a href=\"http:\/\/szs.sgs-sss.ch\/wp-content\/uploads\/2016\/08\/revue_37_1_2011.pdf\" target=\"_blank\" rel=\"noopener noreferrer\">Issue 37-1 (2011)<\/a><\/td>\n<td>\n<h4>Volume 36 (2010)<\/h4>\n<p><a href=\"http:\/\/szs.sgs-sss.ch\/wp-content\/uploads\/2016\/08\/revue_36_3_2010.pdf\" target=\"_blank\" rel=\"noopener noreferrer\">Issue 36-3 (2010)<\/a><\/p>\n<p><a href=\"http:\/\/szs.sgs-sss.ch\/wp-content\/uploads\/2016\/08\/revue_36_2_2010.pdf\" target=\"_blank\" rel=\"noopener noreferrer\">Issue 36-2 (2010)<\/a><\/p>\n<p><a href=\"http:\/\/szs.sgs-sss.ch\/wp-content\/uploads\/2016\/08\/revue_36_1_2010.pdf\" target=\"_blank\" rel=\"noopener noreferrer\">Issue 36-1 (2010)<\/a><\/td>\n<td>\n<h4>Volume 35 (2009)<\/h4>\n<p><a href=\"http:\/\/szs.sgs-sss.ch\/wp-content\/uploads\/2016\/08\/revue_35_3_2009.pdf\" target=\"_blank\" rel=\"noopener noreferrer\">Issue 35-3 (2009)<\/a><\/p>\n<p><a href=\"http:\/\/szs.sgs-sss.ch\/wp-content\/uploads\/2016\/08\/revue_35_2_2009.pdf\" target=\"_blank\" rel=\"noopener noreferrer\">Issue 35-2 (2009)<\/a><\/p>\n<p><a href=\"http:\/\/szs.sgs-sss.ch\/wp-content\/uploads\/2016\/08\/revue_35_1_2009.pdf\" target=\"_blank\" rel=\"noopener noreferrer\">Issue 35-1 (2009)<\/a><\/td>\n<td>\n<h4>Volume 34 (2008)<\/h4>\n<p><a href=\"http:\/\/szs.sgs-sss.ch\/wp-content\/uploads\/2016\/08\/revue_34_3_2008.pdf\" target=\"_blank\" rel=\"noopener noreferrer\">Issue 34-3 (2008)<\/a><\/p>\n<p><a href=\"http:\/\/szs.sgs-sss.ch\/wp-content\/uploads\/2016\/08\/revue_34_2_2008.pdf\" target=\"_blank\" rel=\"noopener noreferrer\">Issue 34-2 (2008)<\/a><\/p>\n<p><a href=\"http:\/\/szs.sgs-sss.ch\/wp-content\/uploads\/2016\/08\/revue_34_1_2008.pdf\" target=\"_blank\" rel=\"noopener noreferrer\">Issue 34-1 (2008)<\/a><\/td>\n<\/tr>\n<tr>\n<td>\n<h4>Volume 33 (2007)<\/h4>\n<p><a href=\"http:\/\/szs.sgs-sss.ch\/wp-content\/uploads\/2016\/08\/revue_33_3_2007.pdf\" target=\"_blank\" rel=\"noopener noreferrer\">Issue 33-3 (2007)<\/a><\/p>\n<p><a href=\"http:\/\/szs.sgs-sss.ch\/wp-content\/uploads\/2016\/08\/revue_33_2_2007.pdf\" target=\"_blank\" rel=\"noopener noreferrer\">Issue 33-2 (2007)<\/a><\/p>\n<p><a href=\"http:\/\/szs.sgs-sss.ch\/wp-content\/uploads\/2016\/08\/revue_33_1_2007.pdf\" target=\"_blank\" rel=\"noopener noreferrer\">Issue 33-1 (2007)<\/a><\/td>\n<td>\n<h4>Volume 32 (2006)<\/h4>\n<p><a href=\"http:\/\/szs.sgs-sss.ch\/wp-content\/uploads\/2016\/08\/revue_32_3_2006.pdf\" target=\"_blank\" rel=\"noopener noreferrer\">Issue 32-3 (2006)<\/a><\/p>\n<p><a href=\"http:\/\/szs.sgs-sss.ch\/wp-content\/uploads\/2016\/08\/revue_32_2_2006.pdf\" target=\"_blank\" rel=\"noopener noreferrer\">Issue 32-2 (2006)<\/a><\/p>\n<p><a href=\"http:\/\/szs.sgs-sss.ch\/wp-content\/uploads\/2016\/08\/revue_32_1_2006.pdf\" target=\"_blank\" rel=\"noopener noreferrer\">Issue 32-1 (2006)<\/a><\/td>\n<td>\n<h4>Volume 31 (2005)<\/h4>\n<p><a href=\"http:\/\/szs.sgs-sss.ch\/wp-content\/uploads\/2016\/08\/revue_31_3_2005.pdf\" target=\"_blank\" rel=\"noopener noreferrer\">Issue 31-3 (2005)<\/a><\/p>\n<p><a href=\"http:\/\/szs.sgs-sss.ch\/wp-content\/uploads\/2016\/08\/revue_31_2_2005.pdf\" target=\"_blank\" rel=\"noopener noreferrer\">Issue 31-2 (2005)<\/a><\/p>\n<p><a href=\"http:\/\/szs.sgs-sss.ch\/wp-content\/uploads\/2016\/08\/revue_31_1_2005.pdf\" target=\"_blank\" rel=\"noopener noreferrer\">Issue 31-1 (2005)<\/a><\/td>\n<td>\n<h4>Volume 30 (2004)<\/h4>\n<p><a href=\"http:\/\/szs.sgs-sss.ch\/wp-content\/uploads\/2016\/08\/revue_30_3_2004.pdf\" target=\"_blank\" rel=\"noopener noreferrer\">Issue 30-3 (2004)<\/a><\/p>\n<p><a href=\"http:\/\/szs.sgs-sss.ch\/wp-content\/uploads\/2016\/08\/revue_30_2_2004.pdf\" target=\"_blank\" rel=\"noopener noreferrer\">Issue 30-2 (2004)<\/a><\/p>\n<p><a href=\"http:\/\/szs.sgs-sss.ch\/wp-content\/uploads\/2016\/08\/revue_30_1_2004.pdf\" target=\"_blank\" rel=\"noopener noreferrer\">Issue 30-1 (2004)<\/a><\/td>\n<\/tr>\n<tr>\n<td>\n<h4>Volume 29 (2003)<\/h4>\n<p><a href=\"http:\/\/szs.sgs-sss.ch\/wp-content\/uploads\/2016\/08\/revue_29_3_2003.pdf\" target=\"_blank\" rel=\"noopener noreferrer\">Issue 29-3 (2003)<\/a><\/p>\n<p><a href=\"http:\/\/szs.sgs-sss.ch\/wp-content\/uploads\/2016\/08\/revue_29_2_2003.pdf\" target=\"_blank\" rel=\"noopener noreferrer\">Issue 29-2 (2003)<\/a><\/p>\n<p><a href=\"http:\/\/szs.sgs-sss.ch\/wp-content\/uploads\/2016\/08\/revue_29_1_2003.pdf\" target=\"_blank\" rel=\"noopener noreferrer\">Issue 29-1 (2003)<\/a><\/td>\n<td>\n<h4>Volume 28 (2002)<\/h4>\n<p><a href=\"http:\/\/szs.sgs-sss.ch\/wp-content\/uploads\/2016\/08\/revue_28_3_2002.pdf\" target=\"_blank\" rel=\"noopener noreferrer\">Issue 28-3 (2002)<\/a><\/p>\n<p><a href=\"http:\/\/szs.sgs-sss.ch\/wp-content\/uploads\/2016\/08\/revue_28_2_2002.pdf\" target=\"_blank\" rel=\"noopener noreferrer\">Issue 28-2 (2002)<\/a><\/p>\n<p><a href=\"http:\/\/szs.sgs-sss.ch\/wp-content\/uploads\/2016\/08\/revue_28_1_2002.pdf\" target=\"_blank\" rel=\"noopener noreferrer\">Issue 28-1 (2002)<\/a><\/td>\n<td>\n<h4>Volume 27 (2001)<\/h4>\n<p><a href=\"http:\/\/szs.sgs-sss.ch\/wp-content\/uploads\/2016\/08\/revue_27_3_2001.pdf\" target=\"_blank\" rel=\"noopener noreferrer\">Issue 27-3 (2001)<\/a><\/p>\n<p><a href=\"http:\/\/szs.sgs-sss.ch\/wp-content\/uploads\/2016\/08\/revue_27_2_2001.pdf\" target=\"_blank\" rel=\"noopener noreferrer\">Issue 27-2 (2001)<\/a><\/p>\n<p><a href=\"http:\/\/szs.sgs-sss.ch\/wp-content\/uploads\/2016\/08\/revue_27_1_2001.pdf\" target=\"_blank\" rel=\"noopener noreferrer\">Issue 27-1 (2001)<\/a><\/td>\n<td>\n<h4>Volume 26 (2000)<\/h4>\n<p><a href=\"http:\/\/szs.sgs-sss.ch\/wp-content\/uploads\/2016\/08\/revue_26_3_2000.pdf\" target=\"_blank\" rel=\"noopener noreferrer\">Issue 26-3 (2000)<\/a><\/p>\n<p><a href=\"http:\/\/szs.sgs-sss.ch\/wp-content\/uploads\/2016\/08\/revue_26_2_2000.pdf\" target=\"_blank\" rel=\"noopener noreferrer\">Issue 26-2 (2000)<\/a><\/p>\n<p><a href=\"http:\/\/szs.sgs-sss.ch\/wp-content\/uploads\/2016\/08\/revue_26_1_2000.pdf\" target=\"_blank\" rel=\"noopener noreferrer\">Issue 26-1 (2000)<\/a><\/td>\n<\/tr>\n<tr>\n<td>\n<h4>Volume 25 (1999)<\/h4>\n<p><a href=\"http:\/\/szs.sgs-sss.ch\/wp-content\/uploads\/2016\/08\/revue_25_3_1999.pdf\" target=\"_blank\" rel=\"noopener noreferrer\">Issue 25-3 (1999)<\/a><\/p>\n<p><a href=\"http:\/\/szs.sgs-sss.ch\/wp-content\/uploads\/2016\/08\/revue_25_2_1999.pdf\" target=\"_blank\" rel=\"noopener noreferrer\">Issue 25-2 (1999)<\/a><\/p>\n<p><a href=\"http:\/\/szs.sgs-sss.ch\/wp-content\/uploads\/2016\/08\/revue_25_1_1999.pdf\" target=\"_blank\" rel=\"noopener noreferrer\">Issue 25-1 (1999)<\/a><\/td>\n<td>\n<h4>Volume 24 (1998)<\/h4>\n<p><a href=\"http:\/\/szs.sgs-sss.ch\/wp-content\/uploads\/2016\/08\/revue_24_3_1998.pdf\" target=\"_blank\" rel=\"noopener noreferrer\">Issue 24-3 (1998)<\/a><\/p>\n<p><a href=\"http:\/\/szs.sgs-sss.ch\/wp-content\/uploads\/2016\/08\/revue_24_2_1998.pdf\" target=\"_blank\" rel=\"noopener noreferrer\">Issue 24-2 (1998)<\/a><\/p>\n<p><a href=\"http:\/\/szs.sgs-sss.ch\/wp-content\/uploads\/2016\/08\/revue_24_1_1998.pdf\" target=\"_blank\" rel=\"noopener noreferrer\">Issue 24-1 (1998)<\/a><\/td>\n<td>\n<h4>Volume 23 (1997)<\/h4>\n<p><a href=\"http:\/\/szs.sgs-sss.ch\/wp-content\/uploads\/2016\/08\/revue_23_3_1997.pdf\" target=\"_blank\" rel=\"noopener noreferrer\">Issue 23-3 (1997)<\/a><\/p>\n<p><a href=\"http:\/\/szs.sgs-sss.ch\/wp-content\/uploads\/2016\/08\/revue_23_2_1997.pdf\" target=\"_blank\" rel=\"noopener noreferrer\">Issue 23-2 (1997)<\/a><\/p>\n<p><a href=\"http:\/\/szs.sgs-sss.ch\/wp-content\/uploads\/2016\/08\/revue_23_1_1997.pdf\" target=\"_blank\" rel=\"noopener noreferrer\">Issue 23-1 (1997)<\/a><\/td>\n<td>\n<h4>Volume 22 (1996)<\/h4>\n<p><a href=\"http:\/\/szs.sgs-sss.ch\/wp-content\/uploads\/2016\/08\/revue_22_3_1996.pdf\" target=\"_blank\" rel=\"noopener noreferrer\">Issue 22-3 (1996)<\/a><\/p>\n<p><a href=\"http:\/\/szs.sgs-sss.ch\/wp-content\/uploads\/2016\/08\/revue_22_2_1996.pdf\" target=\"_blank\" rel=\"noopener noreferrer\">Issue 22-2 (1996)<\/a><\/p>\n<p><a href=\"http:\/\/szs.sgs-sss.ch\/wp-content\/uploads\/2016\/08\/revue_22_1_1996.pdf\" target=\"_blank\" rel=\"noopener noreferrer\">Issue 22-1 (1996)<\/a><\/td>\n<\/tr>\n<tr>\n<td>\n<h4>Volume 21 (1995)<\/h4>\n<p><a href=\"http:\/\/szs.sgs-sss.ch\/wp-content\/uploads\/2016\/08\/revue_21_3_1995.pdf\" target=\"_blank\" rel=\"noopener noreferrer\">Issue 21-3 (1995)<\/a><\/p>\n<p><a href=\"http:\/\/szs.sgs-sss.ch\/wp-content\/uploads\/2016\/08\/revue_21_2_1995.pdf\" target=\"_blank\" rel=\"noopener noreferrer\">Issue 21-2 (1995)<\/a><\/p>\n<p><a href=\"http:\/\/szs.sgs-sss.ch\/wp-content\/uploads\/2016\/08\/revue_21_1_1995.pdf\" target=\"_blank\" rel=\"noopener noreferrer\">Issue 21-1 (1995)<\/a><\/td>\n<td>\n<h4>Volume 20 (1994)<\/h4>\n<p><a href=\"http:\/\/szs.sgs-sss.ch\/wp-content\/uploads\/2016\/08\/revue_20_3_1994.pdf\" target=\"_blank\" rel=\"noopener noreferrer\">Issue 20-3 (1994)<\/a><\/p>\n<p><a href=\"http:\/\/szs.sgs-sss.ch\/wp-content\/uploads\/2016\/08\/revue_20_2_1994.pdf\" target=\"_blank\" rel=\"noopener noreferrer\">Issue 20-2 (1994)<\/a><\/p>\n<p><a href=\"http:\/\/szs.sgs-sss.ch\/wp-content\/uploads\/2016\/08\/revue_20_1_1994.pdf\" target=\"_blank\" rel=\"noopener noreferrer\">Issue 20-1 (1994)<\/a><\/td>\n<td>\n<h4>Volume 19 (1993)<\/h4>\n<p><a href=\"http:\/\/szs.sgs-sss.ch\/wp-content\/uploads\/2016\/08\/revue_19_3_1993.pdf\" target=\"_blank\" rel=\"noopener noreferrer\">Issue 19-3 (1993)<\/a><\/p>\n<p><a href=\"http:\/\/szs.sgs-sss.ch\/wp-content\/uploads\/2016\/08\/revue_19_2_1993.pdf\" target=\"_blank\" rel=\"noopener noreferrer\">Issue 19-2 (1993)<\/a><\/p>\n<p><a href=\"http:\/\/szs.sgs-sss.ch\/wp-content\/uploads\/2016\/08\/revue_19_1_1993.pdf\" target=\"_blank\" rel=\"noopener noreferrer\">Issue 19-1 (1993)<\/a><\/td>\n<td>\n<h4>Volume 18 (1992)<\/h4>\n<p><a href=\"http:\/\/szs.sgs-sss.ch\/wp-content\/uploads\/2016\/08\/revue_18_3_1992.pdf\" target=\"_blank\" rel=\"noopener noreferrer\">Issue 18-3 (1992)<\/a><\/p>\n<p><a href=\"http:\/\/szs.sgs-sss.ch\/wp-content\/uploads\/2016\/08\/revue_18_2_1992.pdf\" target=\"_blank\" rel=\"noopener noreferrer\">Issue 18-2 (1992)<\/a><\/p>\n<p><a href=\"http:\/\/szs.sgs-sss.ch\/wp-content\/uploads\/2016\/08\/revue_18_1_1992.pdf\" target=\"_blank\" rel=\"noopener noreferrer\">Issue 18-1 (1992)<\/a><\/td>\n<\/tr>\n<tr>\n<td>\n<h4>Volume 17 (1991)<\/h4>\n<p><a href=\"http:\/\/szs.sgs-sss.ch\/wp-content\/uploads\/2016\/08\/revue_17_3_1991.pdf\" target=\"_blank\" rel=\"noopener noreferrer\">Issue 17-3 (1991)<\/a><\/p>\n<p><a href=\"http:\/\/szs.sgs-sss.ch\/wp-content\/uploads\/2016\/08\/revue_17_2_1991.pdf\" target=\"_blank\" rel=\"noopener noreferrer\">Issue 17-2 (1991)<\/a><\/p>\n<p><a href=\"http:\/\/szs.sgs-sss.ch\/wp-content\/uploads\/2016\/08\/revue_17_1_1991.pdf\" target=\"_blank\" rel=\"noopener noreferrer\">Issue 17-1 (1991)<\/a><\/td>\n<td>\n<h4>Volume 16 (1990)<\/h4>\n<p><a href=\"http:\/\/szs.sgs-sss.ch\/wp-content\/uploads\/2016\/08\/revue_16_3_1990.pdf\" target=\"_blank\" rel=\"noopener noreferrer\">Issue 16-3 (1990)<\/a><\/p>\n<p><a href=\"http:\/\/szs.sgs-sss.ch\/wp-content\/uploads\/2016\/08\/revue_16_2_1990.pdf\" target=\"_blank\" rel=\"noopener noreferrer\">Issue 16-2 (1990)<\/a><\/p>\n<p><a href=\"http:\/\/szs.sgs-sss.ch\/wp-content\/uploads\/2016\/08\/revue_16_1_1990.pdf\" target=\"_blank\" rel=\"noopener noreferrer\">Issue 16-1 (1990)<\/a><\/td>\n<td>\n<h4>Volume 15 (1989)<\/h4>\n<p><a href=\"http:\/\/szs.sgs-sss.ch\/wp-content\/uploads\/2016\/08\/revue_15_3_1989.pdf\" target=\"_blank\" rel=\"noopener noreferrer\">Issue 15-3 (1989)<\/a><\/p>\n<p><a href=\"http:\/\/szs.sgs-sss.ch\/wp-content\/uploads\/2016\/08\/revue_15_2_1989.pdf\" target=\"_blank\" rel=\"noopener noreferrer\">Issue 15-2 (1989)<\/a><\/p>\n<p><a href=\"http:\/\/szs.sgs-sss.ch\/wp-content\/uploads\/2016\/08\/revue_15_1_1989.pdf\" target=\"_blank\" rel=\"noopener noreferrer\">Issue 15-1 (1989)<\/a><\/td>\n<td>\n<h4>Volume 14 (1988)<\/h4>\n<p><a href=\"http:\/\/szs.sgs-sss.ch\/wp-content\/uploads\/2016\/08\/revue_14_3_1988.pdf\" target=\"_blank\" rel=\"noopener noreferrer\">Issue 14-3 (1988)<\/a><\/p>\n<p><a href=\"http:\/\/szs.sgs-sss.ch\/wp-content\/uploads\/2016\/08\/revue_14_2_1988.pdf\" target=\"_blank\" rel=\"noopener noreferrer\">Issue 14-2 (1988)<\/a><\/p>\n<p><a href=\"http:\/\/szs.sgs-sss.ch\/wp-content\/uploads\/2016\/08\/revue_14_1_1988.pdf\" target=\"_blank\" rel=\"noopener noreferrer\">Issue 14-1 (1988)<\/a><\/td>\n<\/tr>\n<tr>\n<td>\n<h4>Volume 13 (1987)<\/h4>\n<p><a href=\"http:\/\/szs.sgs-sss.ch\/wp-content\/uploads\/2016\/08\/revue_13_3_1987.pdf\" target=\"_blank\" rel=\"noopener noreferrer\">Issue 13-3 (1987)<\/a><\/p>\n<p><a href=\"http:\/\/szs.sgs-sss.ch\/wp-content\/uploads\/2016\/08\/revue_13_2_1987.pdf\" target=\"_blank\" rel=\"noopener noreferrer\">Issue 13-2 (1987)<\/a><\/p>\n<p><a href=\"http:\/\/szs.sgs-sss.ch\/wp-content\/uploads\/2016\/08\/revue_13_1_1987.pdf\" target=\"_blank\" rel=\"noopener noreferrer\">Issue 13-1 (1987)<\/a><\/td>\n<td>\n<h4>Volume 12 (1986)<\/h4>\n<p><a href=\"http:\/\/szs.sgs-sss.ch\/wp-content\/uploads\/2016\/08\/revue_12_3_1986.pdf\" target=\"_blank\" rel=\"noopener noreferrer\">Issue 12-3 (1986)<\/a><\/p>\n<p><a href=\"http:\/\/szs.sgs-sss.ch\/wp-content\/uploads\/2016\/08\/revue_12_2_1986.pdf\" target=\"_blank\" rel=\"noopener noreferrer\">Issue 12-2 (1986)<\/a><\/p>\n<p><a href=\"http:\/\/szs.sgs-sss.ch\/wp-content\/uploads\/2016\/08\/revue_12_1_1986.pdf\" target=\"_blank\" rel=\"noopener noreferrer\">Issue 12-1 (1986)<\/a><\/td>\n<td>\n<h4>Volume 11 (1985)<\/h4>\n<p><a href=\"http:\/\/szs.sgs-sss.ch\/wp-content\/uploads\/2016\/08\/revue_11_3_1985.pdf\" target=\"_blank\" rel=\"noopener noreferrer\">Issue 11-3 (1985)<\/a><\/p>\n<p><a href=\"http:\/\/szs.sgs-sss.ch\/wp-content\/uploads\/2016\/08\/revue_11_1_1985.pdf\" target=\"_blank\" rel=\"noopener noreferrer\">Issue 11-1 (1985)<\/a><\/td>\n<td>\n<h4>Volume 10 (1984)<\/h4>\n<p><a href=\"http:\/\/szs.sgs-sss.ch\/wp-content\/uploads\/2016\/08\/revue_10_3_1984.pdf\" target=\"_blank\" rel=\"noopener noreferrer\">Issue 10-3 (1984)<\/a><\/p>\n<p><a href=\"http:\/\/szs.sgs-sss.ch\/wp-content\/uploads\/2016\/08\/revue_10_2_1984.pdf\" target=\"_blank\" rel=\"noopener noreferrer\">Issue 10-2 (1984)<\/a><\/p>\n<p><a href=\"http:\/\/szs.sgs-sss.ch\/wp-content\/uploads\/2016\/08\/revue_10_1_1984.pdf\" target=\"_blank\" rel=\"noopener noreferrer\">Issue 10-1 (1984)<\/a><\/td>\n<\/tr>\n<tr>\n<td>\n<h4>Volume 09 (1983)<\/h4>\n<p><a href=\"http:\/\/szs.sgs-sss.ch\/wp-content\/uploads\/2016\/08\/revue_09_3_1983.pdf\" target=\"_blank\" rel=\"noopener noreferrer\">Issue 09-3 (1983)<\/a><\/p>\n<p><a href=\"http:\/\/szs.sgs-sss.ch\/wp-content\/uploads\/2016\/08\/revue_09_2_1983.pdf\" target=\"_blank\" rel=\"noopener noreferrer\">Issue 09-2 (1983)<\/a><\/p>\n<p><a href=\"http:\/\/szs.sgs-sss.ch\/wp-content\/uploads\/2016\/08\/revue_09_1_1983.pdf\" target=\"_blank\" rel=\"noopener noreferrer\">Issue 09-1 (1983)<\/a><\/td>\n<td>\n<h4>Volume 08 (1982)<\/h4>\n<p><a href=\"http:\/\/szs.sgs-sss.ch\/wp-content\/uploads\/2016\/08\/revue_08_3_1982.pdf\" target=\"_blank\" rel=\"noopener noreferrer\">Issue 08-3 (1982)<\/a><\/p>\n<p><a href=\"http:\/\/szs.sgs-sss.ch\/wp-content\/uploads\/2016\/08\/revue_08_2_1982.pdf\" target=\"_blank\" rel=\"noopener noreferrer\">Issue 08-2 (1982)<\/a><\/p>\n<p><a href=\"http:\/\/szs.sgs-sss.ch\/wp-content\/uploads\/2016\/08\/revue_08_1_1982.pdf\" target=\"_blank\" rel=\"noopener noreferrer\">Issue 08-1 (1982)<\/a><\/td>\n<td>\n<h4>Volume 07 (1981)<\/h4>\n<p><a href=\"http:\/\/szs.sgs-sss.ch\/wp-content\/uploads\/2016\/08\/revue_07_3_1981.pdf\" target=\"_blank\" rel=\"noopener noreferrer\">Issue 07-3 (1981)<\/a><\/p>\n<p><a href=\"http:\/\/szs.sgs-sss.ch\/wp-content\/uploads\/2016\/08\/revue_07_2_1981.pdf\" target=\"_blank\" rel=\"noopener noreferrer\">Issue 07-2 (1981)<\/a><\/p>\n<p><a href=\"http:\/\/szs.sgs-sss.ch\/wp-content\/uploads\/2016\/08\/revue_07_1_1981.pdf\" target=\"_blank\" rel=\"noopener noreferrer\">Issue 07-1 (1981)<\/a><\/td>\n<td>\n<h4>Volume 06 (1980)<\/h4>\n<p><a href=\"http:\/\/szs.sgs-sss.ch\/wp-content\/uploads\/2016\/08\/revue_06_3_1980.pdf\" target=\"_blank\" rel=\"noopener noreferrer\">Issue 06-3 (1980)<\/a><\/p>\n<p><a href=\"http:\/\/szs.sgs-sss.ch\/wp-content\/uploads\/2016\/08\/revue_06_2_1980.pdf\" target=\"_blank\" rel=\"noopener noreferrer\">Issue 06-2 (1980)<\/a><\/p>\n<p><a href=\"http:\/\/szs.sgs-sss.ch\/wp-content\/uploads\/2016\/08\/revue_06_1_1980.pdf\" target=\"_blank\" rel=\"noopener noreferrer\">Issue 06-1 (1980)<\/a><\/td>\n<\/tr>\n<tr>\n<td>\n<h4>Volume 05 (1979)<\/h4>\n<p><a href=\"http:\/\/szs.sgs-sss.ch\/wp-content\/uploads\/2016\/08\/revue_05_3_1979.pdf\" target=\"_blank\" rel=\"noopener noreferrer\">Issue 05-3 (1979)<\/a><\/p>\n<p><a href=\"http:\/\/szs.sgs-sss.ch\/wp-content\/uploads\/2016\/08\/revue_05_2_1979.pdf\" target=\"_blank\" rel=\"noopener noreferrer\">Issue 05-2 (1979)<\/a><\/p>\n<p><a href=\"http:\/\/szs.sgs-sss.ch\/wp-content\/uploads\/2016\/08\/revue_05_1_1979.pdf\" target=\"_blank\" rel=\"noopener noreferrer\">Issue 05-1 (1979)<\/a><\/td>\n<td>\n<h4>Volume 04 (1978)<\/h4>\n<p><a href=\"http:\/\/szs.sgs-sss.ch\/wp-content\/uploads\/2016\/08\/revue_04_3_1978.pdf\" target=\"_blank\" rel=\"noopener noreferrer\">Issue 04-3 (1978)<\/a><\/p>\n<p><a href=\"http:\/\/szs.sgs-sss.ch\/wp-content\/uploads\/2016\/08\/revue_04_2_1978.pdf\" target=\"_blank\" rel=\"noopener noreferrer\">Issue 04-2 (1978)<\/a><\/p>\n<p><a href=\"http:\/\/szs.sgs-sss.ch\/wp-content\/uploads\/2016\/08\/revue_04_1_1978.pdf\" target=\"_blank\" rel=\"noopener noreferrer\">Issue 04-1 (1978)<\/a><\/td>\n<td>\n<h4>Volume 03 (1977)<\/h4>\n<p><a href=\"http:\/\/szs.sgs-sss.ch\/wp-content\/uploads\/2016\/08\/revue_03_3_1977.pdf\" target=\"_blank\" rel=\"noopener noreferrer\">Issue 03-3 (1977)<\/a><\/p>\n<p><a href=\"http:\/\/szs.sgs-sss.ch\/wp-content\/uploads\/2016\/08\/revue_03_2_1977.pdf\" target=\"_blank\" rel=\"noopener noreferrer\">Issue 03-2 (1977)<\/a><\/p>\n<p><a href=\"http:\/\/szs.sgs-sss.ch\/wp-content\/uploads\/2016\/08\/revue_03_1_1977.pdf\" target=\"_blank\" rel=\"noopener noreferrer\">Issue 03-1 (1977)<\/a><\/td>\n<td>\n<h4>Volume 02 (1976)<\/h4>\n<p><a href=\"http:\/\/szs.sgs-sss.ch\/wp-content\/uploads\/2016\/08\/revue_02_3_1976.pdf\" target=\"_blank\" rel=\"noopener noreferrer\">Issue 02-3 (1976)<\/a><\/p>\n<p><a href=\"http:\/\/szs.sgs-sss.ch\/wp-content\/uploads\/2016\/08\/revue_02_2_1976.pdf\" target=\"_blank\" rel=\"noopener noreferrer\">Issue 02-2 (1976)<\/a><\/p>\n<p><a href=\"http:\/\/szs.sgs-sss.ch\/wp-content\/uploads\/2016\/08\/revue_02_1_1976.pdf\" target=\"_blank\" rel=\"noopener noreferrer\">Issue 02-1 (1976)<\/a><\/td>\n<\/tr>\n<tr>\n<td>\n<h4>Volume 01 (1975)<\/h4>\n<p><a href=\"http:\/\/szs.sgs-sss.ch\/wp-content\/uploads\/2016\/08\/revue_01_1_1975.pdf\" target=\"_blank\" rel=\"noopener noreferrer\">Issue 01-1 (1975)<\/a><\/td>\n<\/tr>\n<\/tbody>\n<\/table>\n<\/div>\n","protected":false},"excerpt":{"rendered":"<p>Vous trouverez ici tous les num\u00e9ros de 1975 \u00e0 2015. Les num\u00e9ros plus r\u00e9cents sont disponibles sur Sciendo. Recherche dans les archives: Volume 41 (2015) Issue 41-3 (2015) Issue 41-2 (2015) Issue 41-1 (2015) Volume 40 (2014) Issue 40-3 (2014) Issue 40-2 (2014) Issue 40-1 (2014) Volume 39 (2013) Issue 39-3 (2013) Issue 39-2 (2013) [&hellip;]<\/p>\n","protected":false},"author":1,"featured_media":0,"parent":0,"menu_order":0,"comment_status":"closed","ping_status":"closed","template":"","meta":{"footnotes":""},"class_list":["post-50","page","type-page","status-publish","hentry"],"_links":{"self":[{"href":"https:\/\/szs.sgs-sss.ch\/fr\/wp-json\/wp\/v2\/pages\/50","targetHints":{"allow":["GET"]}}],"collection":[{"href":"https:\/\/szs.sgs-sss.ch\/fr\/wp-json\/wp\/v2\/pages"}],"about":[{"href":"https:\/\/szs.sgs-sss.ch\/fr\/wp-json\/wp\/v2\/types\/page"}],"author":[{"embeddable":true,"href":"https:\/\/szs.sgs-sss.ch\/fr\/wp-json\/wp\/v2\/users\/1"}],"replies":[{"embeddable":true,"href":"https:\/\/szs.sgs-sss.ch\/fr\/wp-json\/wp\/v2\/comments?post=50"}],"version-history":[{"count":8,"href":"https:\/\/szs.sgs-sss.ch\/fr\/wp-json\/wp\/v2\/pages\/50\/revisions"}],"predecessor-version":[{"id":2218,"href":"https:\/\/szs.sgs-sss.ch\/fr\/wp-json\/wp\/v2\/pages\/50\/revisions\/2218"}],"wp:attachment":[{"href":"https:\/\/szs.sgs-sss.ch\/fr\/wp-json\/wp\/v2\/media?parent=50"}],"curies":[{"name":"wp","href":"https:\/\/api.w.org\/{rel}","templated":true}]}}